{"id":341,"date":"2017-02-03T14:24:04","date_gmt":"2017-02-03T13:24:04","guid":{"rendered":"http:\/\/www.elishevaengel.com\/site\/?page_id=341"},"modified":"2017-02-03T14:24:04","modified_gmt":"2017-02-03T13:24:04","slug":"la-photo-le-pommier-ete-47","status":"publish","type":"page","link":"http:\/\/www.elishevaengel.com\/site\/la-photo-le-pommier-ete-47\/","title":{"rendered":"La photo: le pommier, \u00e9t\u00e9 47"},"content":{"rendered":"<p><em>Cette sculpture est r\u00e9alis\u00e9e \u00e0 partir d&rsquo;une photographie prise en 1947 au Petit-Saconnex, intitul\u00e9e \u00abLe pommier, \u00e9t\u00e9 47\u00bb et repr\u00e9sentant cinq personnages masculins d\u2019\u00e2ges et de tailles diff\u00e9rents, align\u00e9s torse nu au soleil sur un fond de jardin familial. Elle m\u2019a \u00e9t\u00e9 montr\u00e9e par le plus jeune des personnages lors de mon arriv\u00e9e \u00e0 Gen\u00e8ve en 1974. Il m\u2019a fait visiter ce jardin et m\u2019a pr\u00e9sent\u00e9 aux autres membres de sa famille photographi\u00e9e en 1947 par sa grand-m\u00e8re. Celle-ci est d\u00e9c\u00e9d\u00e9e depuis, ainsi que le personnage le plus \u00e2g\u00e9.<\/em><\/p>\n<p><em>Ce clich\u00e9 n \u2019a cess\u00e9 de me fasciner et cela a abouti finalement \u00e0 un projet de r\u00e9alisation o\u00f9 s\u2019exprimeraient mes solutions personnelles \u00e0 la relation peu explor\u00e9e photographie\/ sculpture. J\u2019ai \u00e9t\u00e9 particuli\u00e8rement sensible aux d\u00e9tails suivants: la seule pr\u00e9sence masculine, amplifi\u00e9e par les g\u00e9n\u00e9rations diff\u00e9rentes; la valorisation des visages et des torses nus soud\u00e9s les uns aux autres; l\u2019absence visuelle des mains, t\u00e9moignant des limites bidimensionnelles de la photographie; l&rsquo;ambiance d\u2019imm\u00e9diate apr\u00e8s- guerre enfin, l\u2019effet de mort inh\u00e9rente \u00e0 tout portrait, mon regard, quarante ans plus tard, et donc la pr\u00e9sence de l\u2019Histoire, du Temps et de la Mort autour de ces personnages ensoleill\u00e9s sur un fond de verdure rassurante.<\/em><\/p>\n<p><em>L\u2019auteur de cette photographie, le personnage hors-champ, cette grand-m\u00e8re des ann\u00e9es 40, c\u2019est moi aujourd\u2019hui quand je contemple cet instantan\u00e9 et ce sera le spectateur lorsqu\u2019il tournera autour de la sculpture. Mon travail a consist\u00e9 dans le passage mat\u00e9riel du plan au volume, passage impliquant n\u00e9cessairement quelques transformations. Le moulage humanise par ses rondeurs. Il s\u2019ensuit une impression d\u2019universalisation \u00e9trang\u00e8re au simple document. Gr\u00e2ce au volume, il est possible de voir la face cach\u00e9e de la photographie: les dos et les mains d\u00e9voil\u00e9es dans leurs jeux secrets. Le socle est constitu\u00e9 d\u2019une main f\u00e9minine aux ongles peints: elle est le support r\u00e9el, le soutien, la M\u00e8re qui porte et g\u00e9n\u00e8re ces g\u00e9n\u00e9rations d\u2019hommes qui doivent vaincre, la femme qui dresse un mur viril contre les privations, la guerre, les d\u00e9portations d\u2019enfants, la mort&#8230; Le clich\u00e9 r\u00e9alis\u00e9 en plexiglas, c\u2019est la transparence originelle de la plaque de verre photographique. Il permet le reflet du personnage hors-champ, en l\u2019occurrence le spectateur, ainsi physiquement int\u00e9gr\u00e9 \u00e0 la sc\u00e8ne repr\u00e9sent\u00e9e, occupant une place distanci\u00e9e mais r\u00e9elle dans le dispositif de la repr\u00e9sentation.<\/p>\n<p><\/em>Elisheva Engel<\/p>\n","protected":false},"excerpt":{"rendered":"<p>Cette sculpture est r\u00e9alis\u00e9e \u00e0 partir d&rsquo;une photographie prise en 1947 au Petit-Saconnex, intitul\u00e9e \u00abLe pommier, \u00e9t\u00e9 47\u00bb et repr\u00e9sentant cinq personnages masculins d\u2019\u00e2ges et de tailles diff\u00e9rents, align\u00e9s torse &#8230;<\/p>\n","protected":false},"author":1,"featured_media":0,"parent":0,"menu_order":0,"comment_status":"closed","ping_status":"closed","template":"","meta":[],"_links":{"self":[{"href":"http:\/\/www.elishevaengel.com\/site\/wp-json\/wp\/v2\/pages\/341"}],"collection":[{"href":"http:\/\/www.elishevaengel.com\/site\/wp-json\/wp\/v2\/pages"}],"about":[{"href":"http:\/\/www.elishevaengel.com\/site\/wp-json\/wp\/v2\/types\/page"}],"author":[{"embeddable":true,"href":"http:\/\/www.elishevaengel.com\/site\/wp-json\/wp\/v2\/users\/1"}],"replies":[{"embeddable":true,"href":"http:\/\/www.elishevaengel.com\/site\/wp-json\/wp\/v2\/comments?post=341"}],"version-history":[{"count":1,"href":"http:\/\/www.elishevaengel.com\/site\/wp-json\/wp\/v2\/pages\/341\/revisions"}],"predecessor-version":[{"id":342,"href":"http:\/\/www.elishevaengel.com\/site\/wp-json\/wp\/v2\/pages\/341\/revisions\/342"}],"wp:attachment":[{"href":"http:\/\/www.elishevaengel.com\/site\/wp-json\/wp\/v2\/media?parent=341"}],"curies":[{"name":"wp","href":"https:\/\/api.w.org\/{rel}","templated":true}]}}