{"id":261,"date":"2017-01-19T13:55:39","date_gmt":"2017-01-19T12:55:39","guid":{"rendered":"http:\/\/www.elishevaengel.com\/site\/?page_id=261"},"modified":"2018-02-09T19:16:13","modified_gmt":"2018-02-09T18:16:13","slug":"parcours","status":"publish","type":"page","link":"https:\/\/www.elishevaengel.com\/site\/parcours\/","title":{"rendered":"Mon parcours"},"content":{"rendered":"<p><span class=\"s-titre\">Elisheva (Sjewa) ENGEL<\/span><\/p>\n<p>Sculptrice<br \/>\nN\u00e9e en Isra\u00ebl en 1949<br \/>\nNationalit\u00e9s N\u00e9erlandaise et Suisse<br \/>\nVit et travaille \u00e0 Gen\u00e8ve depuis 1975<\/p>\n<p><span class=\"s-titre\">Formation:<\/span><\/p>\n<p><span class=\"s-date\">1973<\/span><br \/>\nDipl\u00f4me de Graphisme, sp\u00e9cialit\u00e9 Dessin d\u2019animation, Gerrit Rietveld Academie, Amsterdam, Pays-Bas<br \/>\n<span class=\"s-date\">1982<\/span><br \/>\nDipl\u00f4me de Sculpture, Ecole sup\u00e9rieure d\u2019Art visuel (ESAV), Gen\u00e8ve, Suisse<\/p>\n<p><span class=\"s-titre\">Autres activit\u00e9s professionnelles:<\/span><\/p>\n<p><span class=\"s-date\">1972<\/span><br \/>\nColoriste de films d\u2019animation, Toonder Studio, Nederhorstenberg, Pays Bas<br \/>\n<span class=\"s-date\">1973<\/span><br \/>\nDessinatrice pour films d\u2019animation m\u00e9dicaux \u00e9ducatifs. D\u00e9partement d\u2019audiovisuel, H\u00f4pital Universitaire Erasmus, Rotterdam, Pays Bas<br \/>\n<span class=\"s-date\">1977<\/span><br \/>\nIllustratrice. Magazine OKAPI, Bayard Presse, Paris, France<br \/>\n<span class=\"s-date\">1982-2011<\/span><br \/>\nEnseignante d\u2019Arts visuels au D\u00e9partement de l\u2019instruction publique (DIP), Gen\u00e8ve, Suisse<br \/>\n<span class=\"s-date\">1988<\/span><br \/>\nAccessoiriste de la pi\u00e8ce de th\u00e9\u00e2tre \u00ab\u00a0Mademoiselle Julie\u00a0\u00bb, mise en sc\u00e8ne par Mathias Langhoff, Com\u00e9die de Gen\u00e8ve, Gen\u00e8ve, Suisse<br \/>\n<span class=\"s-date\">1997-2011<\/span><br \/>\nMembre de l\u2019\u00e9quipe p\u00e9dagogique de \u00ab\u00a0L\u2019Art et les Enfants\u00a0\u00bb, atelier du DIP au Mus\u00e9e d\u2019art moderne et contemporain (MAMCO)<\/p>\n<p><span class=\"s-titre\">Exposition permanente:<\/span><\/p>\n<p><span class=\"s-date\">d\u00e8s 1987<\/span><br \/>\n\u00ab\u00a0Le Parc de Sculptures\u00a0\u00bb, Fondation Pierre Gianadda, Martigny, Valais, Suisse, avec l\u2019oeuvre \u00ab Les Pique-niqueurs du dimanche \u00bb<\/p>\n<p><span class=\"s-titre\">Expositions personnelles:<\/span><\/p>\n<p><span class=\"s-date\">2016<\/span><br \/>\n\u00ab\u00a0La Caresse\u00a0\u00bb, Ferme d\u2019Antioche , mairie de Nernier, Haute-Savoie, France<br \/>\n<span class=\"s-date\">2005<\/span><br \/>\n\u00ab\u00a0Printemps 2005. Sculptures en bronze\u00a0\u00bb, Manoir de Cologny, Gen\u00e8ve, Suisse<br \/>\n<span class=\"s-date\">2003<\/span><br \/>\n\u00ab\u00a0Bronzen beelden van Elisheva Engel\u00a0\u00bb, Galerie Mark Peter Visser, Heusden, Pays-Bas<br \/>\n<span class=\"s-date\">2001<\/span><br \/>\n\u00ab\u00a0Elishewa Engel. Verhalen in brons\u00a0\u00bb, Galerie Needien, Neede, Pays-Bas<br \/>\n<span class=\"s-date\">1987<\/span><br \/>\n\u00ab\u00a0Sjewa Suter-Engel: exposition\u00a0\u00bb, (commissaire Bernard Fibicher), Mus\u00e9e cantonal des Beaux-Arts, Grange-\u00e0-l\u2019Ev\u00eaque, Sion, Suisse<\/p>\n<p><span class=\"s-titre\">Expositions\u00a0collectives et participation \u00e0 divers concours:<\/span><\/p>\n<p style=\"text-align: left;\"><span class=\"s-date\">2017<\/span>\u00a0\u00a0\u00a0\u00a0\u00a0\u00a0\u00a0\u00a0\u00a0\u00a0\u00a0\u00a0\u00a0\u00a0\u00a0\u00a0\u00a0\u00a0\u00a0\u00a0\u00a0\u00a0\u00a0\u00a0\u00a0\u00a0\u00a0\u00a0\u00a0\u00a0\u00a0\u00a0\u00a0\u00a0\u00a0\u00a0\u00a0\u00a0\u00a0\u00a0\u00a0\u00a0\u00a0\u00a0\u00a0\u00a0\u00a0\u00a0\u00a0\u00a0\u00a0\u00a0\u00a0\u00a0\u00a0\u00a0\u00a0\u00a0\u00a0\u00a0\u00a0\u00a0\u00a0\u00a0\u00a0\u00a0\u00a0\u00a0\u00a0\u00a0\u00a0\u00a0\u00a0\u00a0\u00a0\u00a0\u00a0\u00a0\u00a0\u00a0\u00a0\u00a0\u00a0\u00a0\u00a0\u00a0\u00a0\u00a0\u00a0\u00a0\u00a0\u00a0\u00a0\u00a0\u00a0\u00a0\u00a0\u00a0\u00a0\u00a0\u00a0\u00a0\u00a0\u00a0\u00a0\u00a0\u00a0\u00a0\u00a0\u00a0\u00a0\u00a0\u00a0\u00a0\u00a0\u00a0\u00a0\u00a0\u00a0\u00a0\u00a0\u00a0\u00a0\u00a0\u00a0\u00a0\u00a0\u00a0\u00a0\u00a0\u00a0\u00a0\u00a0\u00a0\u00a0\u00a0\u00a0\u00a0\u00a0\u00a0\u00a0\u00a0\u00a0\u00a0\u00a0\u00a0\u00a0\u00a0\u00a0\u00a0\u00a0\u00a0\u00a0\u00a0\u00a0\u00a0\u00a0\u00a0\u00a0\u00a0\u00a0\u00a0\u00a0\u00a0\u00a0\u00a0\u00a0\u00a0\u00a0\u00a0\u00a0\u00a0\u00a0\u00a0\u00a0\u00a0\u00a0\u00a0\u00a0\u00a0\u00a0\u00a0\u00a0\u00a0\u00a0\u00a0\u00a0\u00a0\u00a0\u00a0\u00a0\u00a0\u00a0\u00a0\u00a0\u00a0\u00a0\u00a0\u00a0\u00a0\u00a0\u00a0 \u00ab Portrait. Exposition Internationale d\u2019art contemporain\u00a0\u00bb, Swiss Art Space, Lausanne, Suisse\u00a0\u00a0\u00a0\u00a0\u00a0\u00a0\u00a0\u00a0\u00a0\u00a0\u00a0\u00a0\u00a0\u00a0\u00a0\u00a0\u00a0\u00a0\u00a0\u00a0\u00a0\u00a0\u00a0\u00a0\u00a0\u00a0\u00a0\u00a0\u00a0\u00a0\u00a0\u00a0\u00a0\u00a0\u00a0\u00a0\u00a0\u00a0\u00a0\u00a0\u00a0\u00a0\u00a0\u00a0\u00a0\u00a0\u00a0\u00a0\u00a0\u00a0\u00a0\u00a0\u00a0\u00a0\u00a0\u00a0\u00a0\u00a0\u00a0\u00a0\u00a0\u00a0\u00a0\u00a0\u00a0\u00a0\u00a0\u00a0\u00a0\u00a0\u00a0\u00a0\u00a0\u00a0\u00a0\u00a0\u00a0\u00a0\u00a0\u00a0\u00a0\u00a0\u00a0\u00a0\u00a0\u00a0\u00a0\u00a0\u00a0\u00a0\u00a0\u00a0\u00a0\u00a0\u00a0\u00a0\u00a0\u00a0\u00a0\u00a0\u00a0\u00a0\u00a0\u00a0\u00a0\u00a0\u00a0\u00a0\u00a0\u00a0\u00a0\u00a0\u00a0\u00a0\u00a0\u00a0\u00a0\u00a0\u00a0\u00a0\u00a0\u00a0\u00a0\u00a0\u00a0\u00a0\u00a0\u00a0\u00a0\u00a0\u00a0\u00a0\u00a0\u00a0\u00a0\u00a0\u00a0\u00a0\u00a0\u00a0\u00a0\u00a0\u00a0\u00a0\u00a0\u00a0\u00a0\u00a0\u00a0\u00a0\u00a0\u00a0\u00a0\u00a0\u00a0\u00a0\u00a0\u00a0\u00a0\u00a0\u00a0\u00a0\u00a0\u00a0\u00a0\u00a0\u00a0\u00a0\u00a0\u00a0\u00a0\u00a0\u00a0\u00a0\u00a0\u00a0\u00a0\u00a0\u00a0\u00a0\u00a0\u00a0\u00a0\u00a0\u00a0\u00a0\u00a0\u00a0\u00a0\u00a0\u00a0\u00a0\u00a0\u00a0\u00a0 \u00ab\u00a0Et tourne la boule \u00e0 facettes\u00a0\u00bb, Villa Dutoit, Gen\u00e8ve, Suisse\u00a0\u00a0\u00a0 \u00a0 \u00a0 \u00a0 \u00a0 \u00a0 \u00a0 \u00a0 \u00a0 \u00a0 \u00a0 \u00a0 \u00a0 \u00a0 \u00a0 \u00a0 \u00a0 \u00a0 \u00a0 \u00a0 \u00ab\u00a0SSBA-GE, 160 ans d\u00e9j\u00e0 !\u00a0\u00bb, Galerie Bol\u00e9ro, Versoix, Suisse \u00a0 \u00a0\u00a0\u00a0\u00a0\u00a0\u00a0\u00a0\u00a0\u00a0\u00a0\u00a0\u00a0\u00a0\u00a0\u00a0\u00a0\u00a0\u00a0\u00a0\u00a0\u00a0\u00a0\u00a0\u00a0\u00a0\u00a0\u00a0\u00a0\u00a0\u00a0\u00a0\u00a0\u00a0\u00a0\u00a0\u00a0\u00a0\u00a0\u00a0\u00a0\u00a0\u00a0\u00a0\u00a0\u00a0\u00a0\u00a0\u00a0\u00a0\u00a0 <span class=\"s-date\">2015<\/span><br \/>\n\u00ab\u00a0Art d\u2019aujourd\u2019hui\u00a0\u00bb, Ecuries du Ch\u00e2teau de Samo\u00ebns, Haute-Savoie, France<br \/>\n<span class=\"s-date\">2014<\/span><br \/>\n\u00ab\u00a0Sculptures \u00e0 la Fonderie\u00a0\u00bb, Association des Sculpteurs de Gen\u00e8ve, Fonderie de Carouge, Gen\u00e8ve, Suisse<br \/>\n<span class=\"s-date\">2012<\/span><br \/>\n\u00ab\u00a0Sculptures. Quadriennale de Lancy\u00a0\u00bb, Association des Sculpteurs de Gen\u00e8ve, Piscine de Lancy, Gen\u00e8ve, Suisse<br \/>\n<span class=\"s-date\">2010<\/span><br \/>\n\u00ab\u00a0Quid Novis ?\u00a0Art en roseraie \u00bb, Ch\u00e2teau de Gaillard, Gaillard, France<br \/>\n\u00ab\u00a0Placards \u00bb, Galerie EditArt Orlando Blanco, Nouvel Espace de Vallon, Ch\u00eane-Bougeries, Gen\u00e8ve, Suisse<br \/>\n<span class=\"s-date\">2002<\/span><br \/>\n\u00ab\u00a0Expositie van zeventien kunstenaars\u00a0\u00bb, Galerie Le Pignon, Groot Schermer, Pays-Bas<br \/>\n\u00ab\u00a0Hollandse Nieuwe\u00a0\u00bb, Galerie Lijn 3, La Haye, Pays-Bas<br \/>\n<span class=\"s-date\">2002<\/span><br \/>\n\u00ab\u00a0Jardins secrets\u00a0\u00bb, Galerie de l\u2019Association d\u2019Artistes \u00ab\u00a0Treize-Plus\u00a0\u00bb, Colombi\u00e8re, Dijon, France<br \/>\n<span class=\"s-date\">2001<\/span><br \/>\n\u00ab\u00a0Kunst-lijn\u00a0\u00bb, Atelier Monaa et Bas Van Vlijmen, Haarlem, Pays-Bas<br \/>\n\u00ab\u00a0Expositie\u00a0\u00bb, Galerie Loes Koster, Muntendam, Groningen, Pays-Bas<br \/>\n<span class=\"s-date\">1995<\/span><br \/>\n\u00ab\u00a0Triennale de Sculpture. Triennale de Lancy V\u00bb, Association des Sculpteurs de Gen\u00e8ve et Ville de Lancy, piscine de Lancy, Gen\u00e8ve, Suisse<br \/>\n<span class=\"s-date\">1990<\/span><br \/>\n\u00ab\u00a0Pic Nic tra le sculture. Mostra di scultori all\u2019aperto nelle vie del paese di I Iragna\u00a0\u00bb,\u00a0piazza Posta Vecchia, societ\u00e9 Iragna Viva, Tessin, Suisse<br \/>\n\u00ab\u00a0Concours restreint de sculptures pour la d\u00e9coration de la nouvelle salle du M\u00f4le aux P\u00e2quis\u00a0\u00bb, Fonds Municipal de d\u00e9coration, Ville de Gen\u00e8ve, Suisse &#8211; Obtention du 2e prix avec la maquette de la sculpture \u00ab\u00a0L\u2019observation\u00a0\u00bb<br \/>\n<span class=\"s-date\">1989<\/span><br \/>\n\u00ab\u00a0Triennale de Sculpture\u00a0Lancy 1989 \u00bb, Association des Sculpteurs de Gen\u00e8ve et Ville de Lancy, piscine de Lancy, Gen\u00e8ve, Suisse<br \/>\n\u00ab\u00a0Concours de sculpture\u00a0\u00bb, Fonds de d\u00e9coration de la commune de Meyrin, Gen\u00e8ve, Suisse &#8211; Obtention du 3e prix avec la sculpture \u00ab\u00a0Le jeu de saute-mouton\u00a0\u00bb<br \/>\n\u00ab\u00a0R\u00e9ponse de 16 artistes au concours de sculpture\u00a0\u00bb, Villa du Jardin alpin, Ville de Meyrin, Gen\u00e8ve, Suisse<br \/>\n\u00ab\u00a0Bourse F\u00e9d\u00e9rale des Beaux-Arts\u00a0\u00bb, Office f\u00e9d\u00e9ral de la culture, Montreux, Suisse<br \/>\n<span class=\"s-date\">1987<\/span><br \/>\n\u00ab\u00a0Sculptures\u00a0\u00bb, Fonds de d\u00e9coration de la commune de Meyrin, CERN, Gen\u00e8ve, Suisse<br \/>\n<span class=\"s-date\">1986<\/span><br \/>\n\u00ab\u00a0Rep\u00e8res: le Valais offre ses sites \u00e0 l\u2019art suisse contemporain\u00bb, Mus\u00e9es cantonaux du Valais, Valais, Suisse<br \/>\n\u00ab\u00a0Hier und Jetzt\u00a0\u00bb, Hallen f\u00fcr Neue Kunst, Wil, Suisse<br \/>\n<span class=\"s-date\">1984<\/span><br \/>\nPr\u00e9sentation de la maquette de la sculpture \u00ab\u00a0La plongeuse\u00a0\u00bb, dans le cadre d\u2019une commande de la Ville de Gen\u00e8ve pour l\u2019am\u00e9nagement de la Place de la Navigation, Gen\u00e8ve, Suisse<br \/>\n<span class=\"s-date\">1983<\/span><br \/>\n\u00ab\u00a0Concours restreint de sculpture pour l\u2019Ecole Ferdinand Hodler\u00a0\u00bb, Fond de d\u00e9coration municipal, Gen\u00e8ve, Suisse &#8211; Obtention du 2e prix avec la maquette de la sculpture \u00ab\u00a0Le jeu de saute-mouton \u00bb<br \/>\n<span class=\"s-date\">1982<\/span><br \/>\n\u00ab\u00a0Premi\u00e8re Triennale des jeunes peintres et sculpteurs de Suisse Romande\u00a0\u00bb, Mus\u00e9e du Ch\u00e2teau, Yverdon, Suisse<br \/>\nExposition publique dans le cadre du Concours pour l\u2019am\u00e9nagement du pr\u00e9au int\u00e9rieur du Coll\u00e8ge de Bois-Caran, Fonds cantonal de D\u00e9coration, Centre d\u2019enseignement professionnel pour l\u2019industrie et l\u2019artisanat (CEPIA), Petit Lancy, Gen\u00e8ve, Suisse<br \/>\n\u00ab\u00a0L\u2019atelier. L\u2019art dans le magasin\u00a0\u00bb, Manor, Gen\u00e8ve, Suisse<br \/>\n<span class=\"s-date\">1981<\/span><br \/>\n\u00ab\u00a0S\u00e9lection des dipl\u00f4mes de l\u2019ESAV\u00a0\u00bb, Halle de l\u2019Ile, Gen\u00e8ve, Suisse<br \/>\n<span class=\"s-date\">1978<\/span><br \/>\n\u00ab\u00a0Bourse f\u00e9d\u00e9rale des Arts appliqu\u00e9s\u00a0\u00bb, Office f\u00e9d\u00e9ral de la culture, Berne, Suisse<br \/>\n<span class=\"s-date\">1974<\/span><br \/>\nFestival international du film d&rsquo;animation de Zagreb, ex-Yougoslavie (actuelle Croatie), avec le court-m\u00e9trage \u00ab\u00a0Les Bouches\u00a0\u00bb<br \/>\nExposition de court-m\u00e9trages\u00a0, Stedelijk Museum, Amsterdam, Pays Bas<!--more--><\/p>\n","protected":false},"excerpt":{"rendered":"<p>Elisheva (Sjewa) ENGEL Sculptrice N\u00e9e en Isra\u00ebl en 1949 Nationalit\u00e9s N\u00e9erlandaise et Suisse Vit et travaille \u00e0 Gen\u00e8ve depuis 1975 Formation: 1973 Dipl\u00f4me de Graphisme, sp\u00e9cialit\u00e9 Dessin d\u2019animation, Gerrit Rietveld &#8230;<\/p>\n","protected":false},"author":1,"featured_media":0,"parent":0,"menu_order":0,"comment_status":"closed","ping_status":"closed","template":"","meta":[],"_links":{"self":[{"href":"https:\/\/www.elishevaengel.com\/site\/wp-json\/wp\/v2\/pages\/261"}],"collection":[{"href":"https:\/\/www.elishevaengel.com\/site\/wp-json\/wp\/v2\/pages"}],"about":[{"href":"https:\/\/www.elishevaengel.com\/site\/wp-json\/wp\/v2\/types\/page"}],"author":[{"embeddable":true,"href":"https:\/\/www.elishevaengel.com\/site\/wp-json\/wp\/v2\/users\/1"}],"replies":[{"embeddable":true,"href":"https:\/\/www.elishevaengel.com\/site\/wp-json\/wp\/v2\/comments?post=261"}],"version-history":[{"count":27,"href":"https:\/\/www.elishevaengel.com\/site\/wp-json\/wp\/v2\/pages\/261\/revisions"}],"predecessor-version":[{"id":476,"href":"https:\/\/www.elishevaengel.com\/site\/wp-json\/wp\/v2\/pages\/261\/revisions\/476"}],"wp:attachment":[{"href":"https:\/\/www.elishevaengel.com\/site\/wp-json\/wp\/v2\/media?parent=261"}],"curies":[{"name":"wp","href":"https:\/\/api.w.org\/{rel}","templated":true}]}}