{"id":267,"date":"2017-01-19T14:10:14","date_gmt":"2017-01-19T13:10:14","guid":{"rendered":"http:\/\/www.elishevaengel.com\/site\/?page_id=267"},"modified":"2017-02-03T14:43:11","modified_gmt":"2017-02-03T13:43:11","slug":"demarches","status":"publish","type":"page","link":"https:\/\/www.elishevaengel.com\/site\/demarches\/","title":{"rendered":"Mes d\u00e9marches"},"content":{"rendered":"<p><span class=\"s-titre\">Mes d\u00e9marches, mon travail<\/span><\/p>\n<p><img loading=\"lazy\" class=\"alignleft size-full wp-image-350\" src=\"http:\/\/www.elishevaengel.com\/site\/wp-content\/uploads\/2017\/01\/sheva_02.jpg\" alt=\"\" width=\"495\" height=\"336\" srcset=\"https:\/\/www.elishevaengel.com\/site\/wp-content\/uploads\/2017\/01\/sheva_02.jpg 495w, https:\/\/www.elishevaengel.com\/site\/wp-content\/uploads\/2017\/01\/sheva_02-300x204.jpg 300w\" sizes=\"(max-width: 495px) 100vw, 495px\" \/><\/p>\n<p>Mes sculptures sont les traces qui refl\u00e8tent mon parcours de vie, mes \u00e9tapes, mon v\u00e9cu.<br \/>\nElles expriment souvent une attitude personnelle, une compr\u00e9hension humaine, au travers de notre environnement.<br \/>\nElles traitent de th\u00e8mes sociaux, culturels, ethniques, \u00e9thiques, \u00e9cologiques et politiques, auxquels chacun peut s\u2019identifier.<br \/>\nLa po\u00e9sie, une certaine allusion \u00e0 l\u2019ironie philosophique, au questionnement, \u00e0 l\u2019abstraction dans mes contradictions, me donnent l\u2019inspiration pour cr\u00e9er une forme, figurative et concr\u00e8te, mobile ou statique.<\/p>\n","protected":false},"excerpt":{"rendered":"<p>Mes d\u00e9marches, mon travail Mes sculptures sont les traces qui refl\u00e8tent mon parcours de vie, mes \u00e9tapes, mon v\u00e9cu. Elles expriment souvent une attitude personnelle, une compr\u00e9hension humaine, au travers &#8230;<\/p>\n","protected":false},"author":1,"featured_media":0,"parent":0,"menu_order":0,"comment_status":"closed","ping_status":"closed","template":"","meta":[],"_links":{"self":[{"href":"https:\/\/www.elishevaengel.com\/site\/wp-json\/wp\/v2\/pages\/267"}],"collection":[{"href":"https:\/\/www.elishevaengel.com\/site\/wp-json\/wp\/v2\/pages"}],"about":[{"href":"https:\/\/www.elishevaengel.com\/site\/wp-json\/wp\/v2\/types\/page"}],"author":[{"embeddable":true,"href":"https:\/\/www.elishevaengel.com\/site\/wp-json\/wp\/v2\/users\/1"}],"replies":[{"embeddable":true,"href":"https:\/\/www.elishevaengel.com\/site\/wp-json\/wp\/v2\/comments?post=267"}],"version-history":[{"count":3,"href":"https:\/\/www.elishevaengel.com\/site\/wp-json\/wp\/v2\/pages\/267\/revisions"}],"predecessor-version":[{"id":351,"href":"https:\/\/www.elishevaengel.com\/site\/wp-json\/wp\/v2\/pages\/267\/revisions\/351"}],"wp:attachment":[{"href":"https:\/\/www.elishevaengel.com\/site\/wp-json\/wp\/v2\/media?parent=267"}],"curies":[{"name":"wp","href":"https:\/\/api.w.org\/{rel}","templated":true}]}}