{"id":270,"date":"2017-01-19T14:14:20","date_gmt":"2017-01-19T13:14:20","guid":{"rendered":"http:\/\/www.elishevaengel.com\/site\/?page_id=270"},"modified":"2020-11-20T17:24:33","modified_gmt":"2020-11-20T16:24:33","slug":"oeuvres","status":"publish","type":"page","link":"https:\/\/www.elishevaengel.com\/site\/oeuvres\/","title":{"rendered":"\u0152uvres"},"content":{"rendered":"<p><span class=\"s-titre\">Court-m\u00e9trage d\u2019animation<\/span><\/p>\n<p><span class=\"s-date\">1973<\/span><br><strong>LES BOUCHES<\/strong><br>2\u2019 30 min, acrylique sur ac\u00e9tate, couleur, production Toonder Studio, Pays Bas<br>collection Studio GDS, Carouge, Gen\u00e8ve<\/p>\n<p><span class=\"s-titre\">Peintures<\/span><\/p>\n<p><span class=\"s-date\">1988<\/span><br><strong>TABLEAUX SOUS L\u2019EAU&nbsp;<\/strong><br>80 x 62 cm chacun des vingt tableaux, huile sur bois, cadre en aluminium<br>collection priv\u00e9e, Amstlveen, Pays Bas<\/p>\n<p><span class=\"s-titre\">D\u00e9cors de th\u00e9\u00e2tre<\/span><\/p>\n<p><span class=\"s-date\">1990<\/span><br><strong>FORMES VEGETALES<\/strong><br>70 cm de diam\u00e8tre x 150 cm d\u2019hauteur chacune des deux formes, technique mixte<br>d\u00e9cor pour la pi\u00e8ce de th\u00e9\u00e2tre M\u00e9tamorphose, de Catherine Mangeat, Th\u00e9\u00e2tre de M\u00e9tropole, Lausanne<\/p>\n<p><strong>BUSTE DE MALACHI KOHAN&nbsp;<\/strong><br>20 x 18 x 28 cm, buste en pl\u00e2tre,<br>d\u00e9cor pour la pi\u00e8ce de th\u00e9\u00e2tre L\u2019Empereur, d\u2019Alicia Jara, Th\u00e9\u00e2tre du Gr\u00fctli, Gen\u00e8ve<\/p>\n<p><span class=\"s-date\">1991<\/span><br><strong>LES DEUX DAMES&nbsp;SUR UNE VO\u00dbTE<\/strong><br>150 x 200 cm chacune des deux figures, socle en forme de vo\u00fbte, polystyr\u00e8ne peint<br>d\u00e9cor pour Don Giovanni, op\u00e9ra mis en sc\u00e8ne par Mathias Lankhoff et Jean Marc Sth\u00e8le, Grand Th\u00e9\u00e2tre de Gen\u00e8ve<\/p>\n<p><a href=\"http:\/\/www.elishevaengel.com\/site\/le-crapeau-theatre-du-jura\/\"><strong>LE CRAPAUD<\/strong><\/a><br>crapaud avec barbecue dans sa t\u00eate, 1.20 x 120 x 120 cm, r\u00e9sine synth\u00e9tique, polyester d\u00e9cor pour une pi\u00e8ce de th\u00e9\u00e2tre dans le cadre du Festival de Th\u00e9\u00e2tre de Neuch\u00e2tel<\/p>\n<p><span class=\"s-titre\">Sculptures<\/span><\/p>\n<p><span class=\"s-date\">1980<\/span><br><strong><a href=\"http:\/\/www.elishevaengel.com\/site\/le-bouquet-de-fiore\/\">LE BOUQUET DE FIORE<\/a><\/strong><br>75 x 80 x 50 cm, bronze, socle de pierre<br>collection priv\u00e9e, Pays Bas<\/p>\n<p><span class=\"s-date\">1981<\/span><br><strong><a href=\"http:\/\/www.elishevaengel.com\/site\/le-cycliste\/\">LE CYCLISTE<\/a><\/strong><br>70 x 70 x 25 cm, chacun de 5 cyclistes avec son v\u00e9lo, bronze<\/p>\n<p><span class=\"s-date\">1983<\/span><br><strong><a href=\"http:\/\/www.elishevaengel.com\/site\/le-jeu-de-saute-mouton\/\">LE JEU DE SAUTE-MOUTON<\/a><\/strong><br>28 x 43 x 23 cm, chacune des deux sculptures, bronze<br>collection priv\u00e9e, Pays Bas<\/p>\n<p><span class=\"s-date\">1984<\/span><br><strong><a href=\"http:\/\/www.elishevaengel.com\/site\/la-plongeuse\/\">LA PLONGEUSE<\/a><\/strong><br>70 x 30 x 35 cm, bronze, socle en marbre bleu<\/p>\n<p><span class=\"s-date\">1985<\/span><br><strong><a href=\"http:\/\/www.elishevaengel.com\/site\/le-dra-peau-fanny\/\">LE DRA-PEAU&nbsp;(FANNY)<\/a><\/strong><br>30 x 38 x 17 cm, bronze<\/p>\n<p><span class=\"s-date\">1986<\/span><br><strong><a href=\"http:\/\/www.elishevaengel.com\/site\/les-pique-niqueurs-du-dimanche\/\">LES PIQUE-NIQUEURS DU DIMANCHE<\/a><\/strong><br>3 personnages et une nappe en polyester peint<br>l\u2019homme 110 x 130 x 90 cm; la femme 110 x 120 x 90 cm<br>l\u2019enfant 90 x 90 x 100 cm; la nappe 140 x 140 cm<br>Fondation Pierre Gianadda, Martigny, Suisse<\/p>\n<p><span class=\"s-date\">1987<\/span><br><a href=\"http:\/\/www.elishevaengel.com\/site\/la-photo-le-pommier-ete-472\/\"><strong>LA PHOTO: LE POMMIER, ETE \u201847<\/strong><\/a><br>30 x 47 x 30 cm, bronze, plexiglas, araldite, polyester<br>Collection priv\u00e9e, Suisse<\/p>\n<p><span class=\"s-date\">1987<\/span><br><strong><a href=\"http:\/\/www.elishevaengel.com\/site\/la-generation\/\">LA GENERATION<\/a><\/strong><br>35 x 40 x 7 cm, bronze, socle de granit noir<\/p>\n<p><span class=\"s-date\">1988<\/span><br><strong><a href=\"http:\/\/www.elishevaengel.com\/site\/le-pot-de-fleur\/\">LE POT DE FLEUR<\/a><\/strong><br>40 x 40 x 50 cm, pl\u00e2tre<br>Buste pour les 10 ans de mon fils Fiore<\/p>\n<p><span class=\"s-date\">1989<\/span><br><strong>TROPHEE<\/strong><br>20 x 30 x 40 cm, pl\u00e2tre peint<br>troph\u00e9e pour l\u2019Open de Gen\u00e8ve (Frisbee), Centre sportif Bois des Fr\u00e8res, Gen\u00e8ve<\/p>\n<p><strong>LE JEU D\u2019EAU<\/strong><br>150 x 120 x 200 cm chacun des deux personnages, pl\u00e2tre peint<\/p>\n<p><span class=\"s-date\">1990<\/span><br><strong><a href=\"http:\/\/www.elishevaengel.com\/site\/101-2\/\">L\u2019OBSERVATION<\/a><\/strong><br>26 x 67 x 26 cm chacune des deux figures, bronze<\/p>\n<p><span class=\"s-date\">1992<\/span><br><strong>ERICA<\/strong><br>50 x 50 x 20, coulage en ciment gris<br>collection priv\u00e9e, Gen\u00e8ve<\/p>\n<p><span class=\"s-date\">1993<\/span><br><strong><a href=\"http:\/\/www.elishevaengel.com\/site\/108-2\/\">LE MIROIR ENGEL<\/a><\/strong><br>64 x 54 x 10 cm, 16 pi\u00e8ces en pl\u00e2tre peint<br>diverses collections priv\u00e9es, Suisse, Pays Bas<\/p>\n<p><span class=\"s-date\">1994<\/span><br><strong><a href=\"http:\/\/www.elishevaengel.com\/site\/fideles-au-poste\/\">FIDELES AU POSTE<\/a><\/strong><br>110 x 190 x 124 cm &amp; 60 x 60 x 25 cm<br>bronze, pierre sur tiges de fer<br>collection priv\u00e9e, Pays Bas<\/p>\n<p><span class=\"s-date\">1995<\/span><br><strong>LE DROIT A L\u2019EXPRESSION<\/strong><br>100 x 120 x 50 cm, fibres de verre, journaux, plexiglas bleu, rocher du Sal\u00e8ve<br>collection priv\u00e9e, Gen\u00e8ve<\/p>\n<p><span class=\"s-date\">1996<\/span><br><strong><a href=\"http:\/\/www.elishevaengel.com\/site\/le-porte-jarretelles-avec-les-phoques\/\">LE PORTE-JARRETELLES&nbsp;AVEC LES PHOQUES<\/a><\/strong><br>100 x 195 x 32 cm, pl\u00e2tre peint&nbsp;; socle bo\u00eete d\u2019\u00e9lectricit\u00e9<\/p>\n<p><strong><a href=\"http:\/\/www.elishevaengel.com\/site\/le-porte-jarretelles-avec-les-phoques\/\">LES PHOQUES<\/a><\/strong><br>12 x 27 x 12 cm chacune des dix phoques, bronze<\/p>\n<p><a href=\"http:\/\/www.elishevaengel.com\/site\/lax-phisique-ou-la-valse\/\"><strong>L\u2019AX PHYSIQUE&nbsp;ou LA VALSE<\/strong><\/a><br>30 x 50 x 30 cm, pl\u00e2tre peint<br>collection priv\u00e9e, Pays Bas<\/p>\n<p><span class=\"s-date\">1997<\/span><br><a href=\"http:\/\/www.elishevaengel.com\/site\/la-naissance\/\"><strong>LA NAISSANCE<\/strong><\/a><br>60 x 60 x 50 cm, pl\u00e2tre peint<br>cr\u00e9e lors du Concours pour la r\u00e9novation de La Maternit\u00e9-HUG<\/p>\n<p><span class=\"s-date\">1998<\/span><br><strong><a href=\"http:\/\/www.elishevaengel.com\/site\/josephine\/\">JOSEPHINE<\/a><\/strong><br>40 x 30 x 32 cm, bronze<\/p>\n<p><strong><a href=\"http:\/\/www.elishevaengel.com\/site\/la-paranoia\/\">LA PARANO\u00cfA<\/a><\/strong><br>160 x 65 x 16 cm, piliers en bronze, sculptures en 4 parties, amovibles<br>collection priv\u00e9e, Gen\u00e8ve<\/p>\n<p><span class=\"s-date\">1999<\/span><br><strong><a href=\"http:\/\/www.elishevaengel.com\/site\/lutopie-du-travail\/\">L\u2019UTOPIE DU TRAVAIL<\/a><\/strong><br>50 x 84 x 25 cm chacune des deux sculptures, ciment, socle en pav\u00e9 de ciment<br>collection priv\u00e9e, Gen\u00e8ve<\/p>\n<p><strong><a href=\"http:\/\/www.elishevaengel.com\/site\/la-transplantation-dorganes\/\">LA TRANSPLANTATION D\u2019ORGANES<\/a><\/strong><br>100 x 110 x 30 cm chacune des trois sculptures, bronze, socles en plots de bois et acier<\/p>\n<p><span class=\"s-date\">2000<\/span><br><strong><a href=\"http:\/\/www.elishevaengel.com\/site\/manja-avec-les-boucles-doreilles\/\">MANJA AVEC LES BOUCLES D\u2019OREILLES<\/a><\/strong><br>25 x 190 x 30 cm, bronze, socle en plots de bois<\/p>\n<p><strong><a href=\"http:\/\/www.elishevaengel.com\/site\/le-vent-sur-la-plage\/\">LE VENT SUR LA PLAGE<\/a><\/strong><br>30 x 40 x 25 cm chacune des deux figures, bronze<\/p>\n<p><span class=\"s-date\">2001<\/span><br><strong><a href=\"http:\/\/www.elishevaengel.com\/site\/la-peche-perdue\/\">LA P\u00caCHE PERDUE<\/a><\/strong><br>65 x 30 x 65 cm chacune des quatre sculptures, bronze<\/p>\n<p><span class=\"s-date\">2002<\/span><br><strong><a href=\"http:\/\/www.elishevaengel.com\/site\/le-changement-de-decor\/\">LE CHANGEMENT DE DECOR<\/a><\/strong><br>52 x 56 x 15 cm, bronze<\/p>\n<p><strong><a href=\"http:\/\/www.elishevaengel.com\/site\/lame-brisee\/\">L\u2019\u00c2ME BRISEE<\/a><\/strong><br>51 x 55 x 30 cm, bronze<\/p>\n<p><strong><a href=\"http:\/\/www.elishevaengel.com\/site\/la-boite-de-pandore\/\">LA BO\u00ceTE DE PANDORE<\/a><\/strong><br>60 x 38 x 35 cm, bronze<\/p>\n<p><span class=\"s-date\">2003<\/span><br><strong><a href=\"http:\/\/www.elishevaengel.com\/site\/la-place-des-elus\/\">LA PLACE DES ELUS<\/a><\/strong><br>34 x 66 x 28 cm chacune des deux sculptures, pl\u00e2tre peint<\/p>\n<p><strong><a href=\"http:\/\/www.elishevaengel.com\/site\/dialogue-de-charlatan\/\">DIALOGUE DE CHARLATAN<\/a><\/strong><br>43 x 60 x 65 cm chaque sculpture, pl\u00e2tre peint<\/p>\n<p><strong><a href=\"http:\/\/www.elishevaengel.com\/site\/la-symetrie-rotatoire\/\">LA SYMETRIE ROTATOIRE<\/a><\/strong><br>30 x 40 x 30 cm chacune des deux sculptures, pl\u00e2tre peint<\/p>\n<p><span class=\"s-date\">2004<\/span><br><strong><a href=\"http:\/\/www.elishevaengel.com\/site\/letablissement\/\">L\u2019ETABLISSEMENT<\/a><\/strong><br>coq&nbsp;: 24 x 50 x 40 cm&nbsp;; poule&nbsp;: 27 x 47 x 40 cm, pl\u00e2tre peint<\/p>\n<p><span class=\"s-date\">2012<\/span><br><strong>LES OURSONS<\/strong><br>100 x 80 x 40 cm chacune des trois figures, polyester,<br>socles en polystyr\u00e8ne expans\u00e9 peint<br>commande pour le projet \u00e9cologique Iceberg, de Didier Bovard<\/p>\n<p><span class=\"s-date\">2014<\/span><br><strong><a href=\"http:\/\/www.elishevaengel.com\/site\/la-plume-et-le-plomb\/\">LA PLUME ET LE PLOMB<\/a><\/strong><br>chacun des trois physalis: 130 x 70 x 70 cm,<br>chacun des trois pavots: 70 x 50 x 50 cm,<br>technique mixte<\/p>\n<p><span class=\"s-date\">2015<\/span><br><strong><a href=\"http:\/\/www.elishevaengel.com\/site\/la-caresse\/\">LA CARESSE<\/a><\/strong><br>55 x 55 x 75 cm, bronze, granite, galette de l\u2019Arve, ardoises noires du Portugal<br>Hommage aux disparus<\/p>\n<p><span class=\"s-date\">2016<\/span><br><strong><a href=\"http:\/\/www.elishevaengel.com\/site\/lenvol\/\">L\u2019ENVOL<\/a><\/strong><br>1.20 x 50 x 70 cm, bronze sur bloc massif en roche d\u2019Arvel<br>Hommage aux r\u00e9fugi\u00e9s<\/p>\n<p><span class=\"s-date\">2017<\/span><br><a href=\"http:\/\/www.elishevaengel.com\/site\/le-mystere-du-desir\/\"><strong>LE MYST\u00c8RE DU D\u00c9SIR<\/strong><\/a><br>120 x 50 x 70 cm, acier rouill\u00e9<\/p>\n<p><span class=\"s-date\">2018<\/span><br><a href=\"http:\/\/www.elishevaengel.com\/site\/lechappee-a-la-queue-leu-leu\/\"><strong>L&rsquo;ECHAP\u00c9E<\/strong><\/a><br><span style=\"color: #000000;\">190 x 150 x 80 cm, acier, cuivre<\/span><\/p>\n<p><span class=\"s-date\">2019<\/span><br><a href=\"http:\/\/www.elishevaengel.com\/site\/la-serenite\/\"><strong>LA S\u00c9RENIT\u00c9<\/strong><\/a><br>65 x 125 x 200 cm, acier, t\u00f4le, fil de fer, bois<\/p>\n<p><span class=\"s-date\">2019<\/span><br><a href=\"http:\/\/www.elishevaengel.com\/site\/trotoir\/\"><strong>TROTTOIR&nbsp;<\/strong><\/a><br>27 x 40 x 170 cm, acier&nbsp;<\/p>\n<p><span class=\"s-date\">2019<\/span><br><a href=\"http:\/\/www.elishevaengel.com\/site\/la-recolte-du-ciel\/\"><strong>LA R\u00c9COLTE DU CIEL&nbsp;<\/strong><\/a><br>45 x 35 x 180 cm, acier, perles, pierres de lave<\/p>\n<p><span class=\"s-date\">2020<\/span><br><a href=\"http:\/\/www.elishevaengel.com\/site\/le-confinement-printemps-2020\/\"><strong>LE CONFINEMENT &#8211; PRINTEMPS 2020<\/strong><\/a><br>70 x 19 x 200 cm, acier, fonte, papier, encre, bois (merbau)<\/p>\n\n\n<p>2020<br><strong><a href=\"http:\/\/www.elishevaengel.com\/site\/morte-terre\/\">MORTE <\/a><a href=\"http:\/\/www.elishevaengel.com\/site\/le-mystere-du-desir\/\" data-type=\"URL\" data-id=\"http:\/\/www.elishevaengel.com\/site\/le-mystere-du-desir\/\">TERR<\/a><\/strong><a href=\"http:\/\/www.elishevaengel.com\/site\/morte-terre\/\"><strong>E<\/strong><\/a><br>70 x 70 x 200 cm, acier, bois, cuivre<\/p>\n\n\n\n<p>2020<br><strong><a href=\"http:\/\/www.elishevaengel.com\/site\/lannonce-des-vagues\/\">L&rsquo;ANNONCE DES VAGUES<\/a><\/strong><br>65 x 125 x 200 cm, acier, bronze, fil de fer, plastique <\/p>\n","protected":false},"excerpt":{"rendered":"<p>Court-m\u00e9trage d\u2019animation 1973LES BOUCHES2\u2019 30 min, acrylique sur ac\u00e9tate, couleur, production Toonder Studio, Pays Bascollection Studio GDS, Carouge, Gen\u00e8ve Peintures 1988TABLEAUX SOUS L\u2019EAU&nbsp;80 x 62 cm chacun des vingt tableaux, &#8230;<\/p>\n","protected":false},"author":1,"featured_media":0,"parent":0,"menu_order":0,"comment_status":"closed","ping_status":"closed","template":"","meta":[],"_links":{"self":[{"href":"https:\/\/www.elishevaengel.com\/site\/wp-json\/wp\/v2\/pages\/270"}],"collection":[{"href":"https:\/\/www.elishevaengel.com\/site\/wp-json\/wp\/v2\/pages"}],"about":[{"href":"https:\/\/www.elishevaengel.com\/site\/wp-json\/wp\/v2\/types\/page"}],"author":[{"embeddable":true,"href":"https:\/\/www.elishevaengel.com\/site\/wp-json\/wp\/v2\/users\/1"}],"replies":[{"embeddable":true,"href":"https:\/\/www.elishevaengel.com\/site\/wp-json\/wp\/v2\/comments?post=270"}],"version-history":[{"count":26,"href":"https:\/\/www.elishevaengel.com\/site\/wp-json\/wp\/v2\/pages\/270\/revisions"}],"predecessor-version":[{"id":606,"href":"https:\/\/www.elishevaengel.com\/site\/wp-json\/wp\/v2\/pages\/270\/revisions\/606"}],"wp:attachment":[{"href":"https:\/\/www.elishevaengel.com\/site\/wp-json\/wp\/v2\/media?parent=270"}],"curies":[{"name":"wp","href":"https:\/\/api.w.org\/{rel}","templated":true}]}}