{"id":282,"date":"2017-01-19T14:47:02","date_gmt":"2017-01-19T13:47:02","guid":{"rendered":"http:\/\/www.elishevaengel.com\/site\/?page_id=282"},"modified":"2017-02-03T14:43:50","modified_gmt":"2017-02-03T13:43:50","slug":"articles","status":"publish","type":"page","link":"https:\/\/www.elishevaengel.com\/site\/articles\/","title":{"rendered":"Les articles"},"content":{"rendered":"<p><span class=\"s-titre\">Articles et autres \u00e9crits sur l\u2019oeuvre<\/span><\/p>\n<p><em>LISTE ORGANIS\u00c9E PAR ORDRE ALPHAB\u00c9TIQUE DU NOM DE FAMILLE<\/em><\/p>\n<p>\u2022 Gerrit Korthals Altes. \u00ab\u00a0Een picnic op een wei in de bergen, een man, een vrouw en een meije. De voorstelling op het eerste gezicht\u00a0\u00bb, dans d\u00e9pliant pour l\u2019exposition \u00ab\u00a0Elishewa Engel. Verhalen in brons\u00a0\u00bb \u00e0 la Galerie Needien, Neede, Amsterdam, 2002<\/p>\n<p>\u2022 Door Piet Augustijn. \u00ab\u00a0Elisheva Engel bestendigt levenservaring in brons\u00a0\u00bb, dans Het Kontakt, 20 mai 2003, p.2<\/p>\n<p>\u2022 Raymonde Bujard&#8230; [et al.]. Artistes \u00e0 Gen\u00e8ve, Ressource \u00e9lectronique, [S.l.] : [s.n.], M\u00e9diath\u00e8que de la Biblioth\u00e8que d&rsquo;art et d\u2019arch\u00e9ologie, 1977<\/p>\n<p>\u2022 Murielle Cachin. \u00ab\u00a0Sculptures d\u2019Elisheva Engel au Manoir de Cologny\u00a0\u00bb, dans Tribune de Gen\u00e8ve, 21 mars 2005, p.?<\/p>\n<p>\u2022 Michel Darbellay. Parc de sculptures, jardin de la Fondation Pierre Gianadda, Martigny, [S.l.] : [s.n.], 2004<\/p>\n<p>\u2022 Bernard Fibicher. \u00ab\u00a0Squat is beautiful: notes pour une statique du gros\u00a0\u00bb, dans Sjewa Suter-Engel, Sion : Mus\u00e9e cantonal des beaux-arts, 1987<\/p>\n<p>\u2022 Fonds de d\u00e9coration de la commune de Meyrin. \u00ab\u00a0Le jeu du saute-mouton\u00a0de Sjewa Suter-Engel\u00bb, dans brochure pour le Concours de sculpture (1989), Commune de Meyrin, Service des affaires culturelles, 1990, pp.32-35<\/p>\n<p>\u2022 Catherine France Borrini. \u00ab\u00a0Tri-espace pour trois g\u00e9n\u00e9rations\u00a0\u00bb, dans L\u2019Hebdo, 26 ao\u00fbt 1982, p. 43<\/p>\n<p>\u2022 Auteur inconnu. \u00ab\u00a0Le Valais a ses marques\u00a0\u00bb, dans Le Nouvelliste, 19 juin 1986, p.36<\/p>\n<p>\u2022 Karl Jost. Dictionnaire biographique de l\u2019art suisse, Z\u00fcrich: Institut Suisse pour l\u2019\u00e9tude de l\u2019art, Neue Z\u00fcrcher Zeitung, 1998, p. 1024<\/p>\n<p>\u2022 Karl Jost. R\u00e9pertoire des artistes suisses: 1980-1990, Z\u00fcrich: Institut Suisse pour l\u2019\u00e9tude de l\u2019art, Ed Huber, 1991, p.438<\/p>\n<p>\u2022 Markus Landert. \u00ab\u00a0Sjewa Suter-Engel\u00a0\u00bb, dans Hier &amp; Jetzt, Wil: Hallen f\u00fcr Neue Kunst, 1987, pp. 50-51<\/p>\n<p>\u2022 Brigitte Leemann. \u00ab\u00a0Symbole des (\u00dcber-)Lebens\u00a0\u00bb, dans Saint Galler Tagblatt, 8 d\u00e9cembre 1986, p.?<\/p>\n<p>\u2022 Olivier Lestien. \u00ab\u00a0La salle des \u00e9curies tout de bronze et d\u2019acrylique enlumin\u00e9e\u00a0\u00bb, dans Le Dauphin\u00e9 Lib\u00e9r\u00e9, 13 ao\u00fbt 2015, p.?<\/p>\n<p>\u2022 Olivier Lestien, \u00ab\u00a0Resplendissantes sculptures et peintures dans la salle des \u00e9curies\u00a0\u00bb, dans Le Messager, 20 ao\u00fbt 2015<\/p>\n<p>\u2022 Luciana Mastrillo. \u00ab\u00a0Pic-nic fra le sculture\u00a0\u00bb, dans Corriere del Ticino, 5 septembre 1990, p.41<\/p>\n<p>\u2022 Philippe Mathonnet. \u00ab\u00a0Rep\u00e8res insolites au fil du Rh\u00f4ne, dans Journal de Gen\u00e8ve, 28 juin 1986, p.?<\/p>\n<p>\u2022 Jean-Claude Mayor. \u00ab\u00a0L\u2019art dans le grand magasin\u00a0\u00bb, dans Tribune de Gen\u00e8ve, 28 mai 1982, p.?<\/p>\n<p>\u2022 Monique Picard. \u00ab\u00a0Provocation trop efficace\u00a0\u00bb, dans L\u2019Hebdo, 10 juillet 1986, p.48<\/p>\n<p>\u2022 Alain Penel. \u00ab\u00a0L\u2019art au magasin\u00a0\u00bb, dans Tribune de Gen\u00e8ve, 25 mai 1982, p.33<\/p>\n<p>\u2022 Oswald Ruppen. \u00ab\u00a0Art estival\u00a0\u00bb, dans Revue suisse de photographie, 10 ao\u00fbt 1986, p.33<\/p>\n<p>\u2022 Annie Zoonnekindt. \u00ab\u00a0Une exceptionnelle exposition de bronzes \u00e0 la ferme d\u2019Antioche\u00a0\u00bb, dans Le Dauphin\u00e9 Lib\u00e9r\u00e9, 3 juillet 2016, p.13<\/p>\n<p><span class=\"s-titre\">Interviews<\/span><\/p>\n<p>\u2022 1er juin 1986, T\u00e9l\u00e9vision Suisse Romande. Ticket de premi\u00e8re<\/p>\n","protected":false},"excerpt":{"rendered":"<p>Articles et autres \u00e9crits sur l\u2019oeuvre LISTE ORGANIS\u00c9E PAR ORDRE ALPHAB\u00c9TIQUE DU NOM DE FAMILLE \u2022 Gerrit Korthals Altes. \u00ab\u00a0Een picnic op een wei in de bergen, een man, een &#8230;<\/p>\n","protected":false},"author":1,"featured_media":0,"parent":0,"menu_order":0,"comment_status":"closed","ping_status":"closed","template":"","meta":[],"_links":{"self":[{"href":"https:\/\/www.elishevaengel.com\/site\/wp-json\/wp\/v2\/pages\/282"}],"collection":[{"href":"https:\/\/www.elishevaengel.com\/site\/wp-json\/wp\/v2\/pages"}],"about":[{"href":"https:\/\/www.elishevaengel.com\/site\/wp-json\/wp\/v2\/types\/page"}],"author":[{"embeddable":true,"href":"https:\/\/www.elishevaengel.com\/site\/wp-json\/wp\/v2\/users\/1"}],"replies":[{"embeddable":true,"href":"https:\/\/www.elishevaengel.com\/site\/wp-json\/wp\/v2\/comments?post=282"}],"version-history":[{"count":2,"href":"https:\/\/www.elishevaengel.com\/site\/wp-json\/wp\/v2\/pages\/282\/revisions"}],"predecessor-version":[{"id":353,"href":"https:\/\/www.elishevaengel.com\/site\/wp-json\/wp\/v2\/pages\/282\/revisions\/353"}],"wp:attachment":[{"href":"https:\/\/www.elishevaengel.com\/site\/wp-json\/wp\/v2\/media?parent=282"}],"curies":[{"name":"wp","href":"https:\/\/api.w.org\/{rel}","templated":true}]}}