{"id":285,"date":"2017-01-19T14:53:43","date_gmt":"2017-01-19T13:53:43","guid":{"rendered":"http:\/\/www.elishevaengel.com\/site\/?page_id=285"},"modified":"2017-08-10T14:14:45","modified_gmt":"2017-08-10T12:14:45","slug":"contact","status":"publish","type":"page","link":"https:\/\/www.elishevaengel.com\/site\/contact\/","title":{"rendered":"Contact"},"content":{"rendered":"<p><span class=\"s-titre\">Atelier<\/span><\/p>\n<p>Route de Vovray 135<br \/>\nLe Coin<br \/>\nF \u2013 74160 COLLONGES S\/SALEVE<br \/>\nFRANCE<\/p>\n<p><span class=\"s-titre\">T\u00e9l\u00e9phone et fax<\/span><br \/>\n+33 (0)4 50 43 78 85<\/p>\n<p><span class=\"s-titre\">T\u00e9l\u00e9phone portable<\/span><br \/>\n+41 (0)76 221 22 59<\/p>\n<p><iframe style=\"border: 0;\" src=\"https:\/\/www.google.com\/maps\/embed?pb=!1m18!1m12!1m3!1d2764.935771081463!2d6.153277015952828!3d46.13210927911454!2m3!1f0!2f0!3f0!3m2!1i1024!2i768!4f13.1!3m3!1m2!1s0x478c7a10e2e4f52b%3A0xefec7205dc6363f8!2s135+Route+de+Vovray%2C+74160+Collonges-sous-Sal%C3%A8ve!5e0!3m2!1sfr!2sfr!4v1484833896503\" width=\"495\" height=\"230\" frameborder=\"0\" allowfullscreen=\"allowfullscreen\"><\/iframe><\/p>\n<div role=\"form\" class=\"wpcf7\" id=\"wpcf7-f7-o1\" lang=\"fr-FR\" dir=\"ltr\">\n<div class=\"screen-reader-response\" role=\"alert\" aria-live=\"polite\"><\/div>\n<form action=\"\/site\/wp-json\/wp\/v2\/pages\/285#wpcf7-f7-o1\" method=\"post\" class=\"wpcf7-form init\" novalidate=\"novalidate\">\n<div style=\"display: none;\">\n<input type=\"hidden\" name=\"_wpcf7\" value=\"7\" \/>\n<input type=\"hidden\" name=\"_wpcf7_version\" value=\"5.2.2\" \/>\n<input type=\"hidden\" name=\"_wpcf7_locale\" value=\"fr_FR\" \/>\n<input type=\"hidden\" name=\"_wpcf7_unit_tag\" value=\"wpcf7-f7-o1\" \/>\n<input type=\"hidden\" name=\"_wpcf7_container_post\" value=\"0\" \/>\n<input type=\"hidden\" name=\"_wpcf7_posted_data_hash\" value=\"\" \/>\n<\/div>\n<p><label> Votre nom (obligatoire)<br \/>\n    <span class=\"wpcf7-form-control-wrap your-name\"><input type=\"text\" name=\"your-name\" value=\"\" size=\"40\" class=\"wpcf7-form-control wpcf7-text wpcf7-validates-as-required\" aria-required=\"true\" aria-invalid=\"false\" \/><\/span> <\/label><\/p>\n<p><label> Votre e-mail (obligatoire)<br \/>\n    <span class=\"wpcf7-form-control-wrap your-email\"><input type=\"email\" name=\"your-email\" value=\"\" size=\"40\" class=\"wpcf7-form-control wpcf7-text wpcf7-email wpcf7-validates-as-required wpcf7-validates-as-email\" aria-required=\"true\" aria-invalid=\"false\" \/><\/span> <\/label><\/p>\n<p><label> Sujet<br \/>\n    <span class=\"wpcf7-form-control-wrap your-subject\"><input type=\"text\" name=\"your-subject\" value=\"\" size=\"40\" class=\"wpcf7-form-control wpcf7-text\" aria-invalid=\"false\" \/><\/span> <\/label><\/p>\n<p><label> Votre message<br \/>\n    <span class=\"wpcf7-form-control-wrap your-message\"><textarea name=\"your-message\" cols=\"40\" rows=\"10\" class=\"wpcf7-form-control wpcf7-textarea\" aria-invalid=\"false\"><\/textarea><\/span> <\/label><\/p>\n<p><input type=\"submit\" value=\"Envoyer\" class=\"wpcf7-form-control wpcf7-submit\" \/><\/p>\n<div class=\"wpcf7-response-output\" role=\"alert\" aria-hidden=\"true\"><\/div><\/form><\/div>\n","protected":false},"excerpt":{"rendered":"<p>Atelier Route de Vovray 135 Le Coin F \u2013 74160 COLLONGES S\/SALEVE FRANCE T\u00e9l\u00e9phone et fax +33 (0)4 50 43 78 85 T\u00e9l\u00e9phone portable +41 (0)76 221 22 59<\/p>\n","protected":false},"author":1,"featured_media":0,"parent":0,"menu_order":0,"comment_status":"closed","ping_status":"closed","template":"","meta":[],"_links":{"self":[{"href":"https:\/\/www.elishevaengel.com\/site\/wp-json\/wp\/v2\/pages\/285"}],"collection":[{"href":"https:\/\/www.elishevaengel.com\/site\/wp-json\/wp\/v2\/pages"}],"about":[{"href":"https:\/\/www.elishevaengel.com\/site\/wp-json\/wp\/v2\/types\/page"}],"author":[{"embeddable":true,"href":"https:\/\/www.elishevaengel.com\/site\/wp-json\/wp\/v2\/users\/1"}],"replies":[{"embeddable":true,"href":"https:\/\/www.elishevaengel.com\/site\/wp-json\/wp\/v2\/comments?post=285"}],"version-history":[{"count":5,"href":"https:\/\/www.elishevaengel.com\/site\/wp-json\/wp\/v2\/pages\/285\/revisions"}],"predecessor-version":[{"id":389,"href":"https:\/\/www.elishevaengel.com\/site\/wp-json\/wp\/v2\/pages\/285\/revisions\/389"}],"wp:attachment":[{"href":"https:\/\/www.elishevaengel.com\/site\/wp-json\/wp\/v2\/media?parent=285"}],"curies":[{"name":"wp","href":"https:\/\/api.w.org\/{rel}","templated":true}]}}